{"id":297,"date":"2026-04-17T13:51:04","date_gmt":"2026-04-17T13:51:04","guid":{"rendered":"https:\/\/gatapiekabes.lv\/product\/izturiga-gala-luka-ar-metala-rami-l1-5m-h0-7m-n-serija\/"},"modified":"2026-04-23T18:24:40","modified_gmt":"2026-04-23T15:24:40","slug":"izturiga-gala-luka-ar-metala-rami-l1-5m-h0-7m-n-serija","status":"publish","type":"product","link":"https:\/\/gatapiekabes.lv\/ru\/product\/izturiga-gala-luka-ar-metala-rami-l1-5m-h0-7m-n-serija\/","title":{"rendered":"Iztur\u012bga gala l\u016bka, ar met\u0101la r\u0101mi, L=1.5m H=0.7m (N s\u0113rija)"},"content":{"rendered":"<p>Iztur\u012bga gala l\u016bka, ar met\u0101la r\u0101mi, L=1.5m H=0.7m (N s\u0113rija) \u2014 karsti cinkots, metin\u0101ts r\u0101mis no S355 t\u0113rauda.<\/p>","protected":false},"excerpt":{"rendered":"<p>Iztur\u012bga gala l\u016bka, ar met\u0101la r\u0101mi, L=1.5m H=0.7m (N s\u0113rija) \u2014 karsti cinkots, metin\u0101ts r\u0101mis no S355 t\u0113rauda.<\/p>","protected":false},"featured_media":296,"comment_status":"open","ping_status":"closed","template":"","meta":[],"product_brand":[],"product_cat":[72,73],"product_tag":[],"class_list":{"0":"post-297","1":"product","2":"type-product","3":"status-publish","4":"has-post-thumbnail","6":"product_cat-papildus-borti","7":"product_cat-piekabes-slipums-un-uzbrauksana","9":"first","10":"instock","11":"shipping-taxable","12":"purchasable","13":"product-type-simple"},"_links":{"self":[{"href":"https:\/\/gatapiekabes.lv\/ru\/wp-json\/wp\/v2\/product\/297","targetHints":{"allow":["GET"]}}],"collection":[{"href":"https:\/\/gatapiekabes.lv\/ru\/wp-json\/wp\/v2\/product"}],"about":[{"href":"https:\/\/gatapiekabes.lv\/ru\/wp-json\/wp\/v2\/types\/product"}],"replies":[{"embeddable":true,"href":"https:\/\/gatapiekabes.lv\/ru\/wp-json\/wp\/v2\/comments?post=297"}],"wp:featuredmedia":[{"embeddable":true,"href":"https:\/\/gatapiekabes.lv\/ru\/wp-json\/wp\/v2\/media\/296"}],"wp:attachment":[{"href":"https:\/\/gatapiekabes.lv\/ru\/wp-json\/wp\/v2\/media?parent=297"}],"wp:term":[{"taxonomy":"product_brand","embeddable":true,"href":"https:\/\/gatapiekabes.lv\/ru\/wp-json\/wp\/v2\/product_brand?post=297"},{"taxonomy":"product_cat","embeddable":true,"href":"https:\/\/gatapiekabes.lv\/ru\/wp-json\/wp\/v2\/product_cat?post=297"},{"taxonomy":"product_tag","embeddable":true,"href":"https:\/\/gatapiekabes.lv\/ru\/wp-json\/wp\/v2\/product_tag?post=297"}],"curies":[{"name":"wp","href":"https:\/\/api.w.org\/{rel}","templated":true}]}}