{"id":304,"date":"2026-04-17T13:51:09","date_gmt":"2026-04-17T13:51:09","guid":{"rendered":"https:\/\/gatapiekabes.lv\/product\/celsanas-skruve-300kg-n-serijas-komplekti\/"},"modified":"2026-04-23T18:24:40","modified_gmt":"2026-04-23T15:24:40","slug":"celsanas-skruve-300kg-n-serijas-komplekti","status":"publish","type":"product","link":"https:\/\/gatapiekabes.lv\/ru\/product\/celsanas-skruve-300kg-n-serijas-komplekti\/","title":{"rendered":"Cel\u0161anas skr\u016bve 300kg (N s\u0113rijas komplekti)"},"content":{"rendered":"<p>Sasv\u0113r\u0161anas vin\u010da atvieglo kastes sasv\u0113r\u0161anu un fiks\u0113 kravas kasti sasv\u0113rt\u0101 st\u0101vokl\u012b, tai atrodoties zem slodzes. Optim\u0101l\u0101 sasv\u0113r\u0161anas vin\u010das celtsp\u0113ja 300 kg, diametrs 48 mm. Komplekt\u0101 sasv\u0113r\u0161anas vin\u010da ar mont\u0101\u017eas piederumiem.<\/p>","protected":false},"excerpt":{"rendered":"<p>Sasv\u0113r\u0161anas vin\u010da atvieglo kastes sasv\u0113r\u0161anu un fiks\u0113 kravas kasti sasv\u0113rt\u0101 st\u0101vokl\u012b, tai atrodoties zem slodzes.<\/p>","protected":false},"featured_media":303,"comment_status":"open","ping_status":"closed","template":"","meta":[],"product_brand":[],"product_cat":[73],"product_tag":[],"class_list":{"0":"post-304","1":"product","2":"type-product","3":"status-publish","4":"has-post-thumbnail","6":"product_cat-piekabes-slipums-un-uzbrauksana","8":"first","9":"instock","10":"shipping-taxable","11":"purchasable","12":"product-type-simple"},"_links":{"self":[{"href":"https:\/\/gatapiekabes.lv\/ru\/wp-json\/wp\/v2\/product\/304","targetHints":{"allow":["GET"]}}],"collection":[{"href":"https:\/\/gatapiekabes.lv\/ru\/wp-json\/wp\/v2\/product"}],"about":[{"href":"https:\/\/gatapiekabes.lv\/ru\/wp-json\/wp\/v2\/types\/product"}],"replies":[{"embeddable":true,"href":"https:\/\/gatapiekabes.lv\/ru\/wp-json\/wp\/v2\/comments?post=304"}],"wp:featuredmedia":[{"embeddable":true,"href":"https:\/\/gatapiekabes.lv\/ru\/wp-json\/wp\/v2\/media\/303"}],"wp:attachment":[{"href":"https:\/\/gatapiekabes.lv\/ru\/wp-json\/wp\/v2\/media?parent=304"}],"wp:term":[{"taxonomy":"product_brand","embeddable":true,"href":"https:\/\/gatapiekabes.lv\/ru\/wp-json\/wp\/v2\/product_brand?post=304"},{"taxonomy":"product_cat","embeddable":true,"href":"https:\/\/gatapiekabes.lv\/ru\/wp-json\/wp\/v2\/product_cat?post=304"},{"taxonomy":"product_tag","embeddable":true,"href":"https:\/\/gatapiekabes.lv\/ru\/wp-json\/wp\/v2\/product_tag?post=304"}],"curies":[{"name":"wp","href":"https:\/\/api.w.org\/{rel}","templated":true}]}}