{"id":309,"date":"2026-04-17T13:51:16","date_gmt":"2026-04-17T13:51:16","guid":{"rendered":"https:\/\/gatapiekabes.lv\/product\/rezerves-ritena-kronsteins-stiprinas-uz-disteles\/"},"modified":"2026-04-23T18:24:40","modified_gmt":"2026-04-23T15:24:40","slug":"rezerves-ritena-kronsteins-stiprinas-uz-disteles","status":"publish","type":"product","link":"https:\/\/gatapiekabes.lv\/ru\/product\/rezerves-ritena-kronsteins-stiprinas-uz-disteles\/","title":{"rendered":"Rezerves rite\u0146a kron\u0161teins (stiprin\u0101s uz d\u012bsteles)"},"content":{"rendered":"<p>Rezerves rite\u0146a kron\u0161teins (stiprin\u0101s uz d\u012bsteles) \u2014 karsti cinkots, metin\u0101ts r\u0101mis no S355 t\u0113rauda.<\/p>","protected":false},"excerpt":{"rendered":"<p>Rezerves rite\u0146a kron\u0161teins (stiprin\u0101s uz d\u012bsteles) \u2014 karsti cinkots, metin\u0101ts r\u0101mis no S355 t\u0113rauda.<\/p>","protected":false},"featured_media":308,"comment_status":"open","ping_status":"closed","template":"","meta":[],"product_brand":[],"product_cat":[75],"product_tag":[],"class_list":{"0":"post-309","1":"product","2":"type-product","3":"status-publish","4":"has-post-thumbnail","6":"product_cat-rezerves-riteni","8":"first","9":"instock","10":"shipping-taxable","11":"purchasable","12":"product-type-simple"},"_links":{"self":[{"href":"https:\/\/gatapiekabes.lv\/ru\/wp-json\/wp\/v2\/product\/309","targetHints":{"allow":["GET"]}}],"collection":[{"href":"https:\/\/gatapiekabes.lv\/ru\/wp-json\/wp\/v2\/product"}],"about":[{"href":"https:\/\/gatapiekabes.lv\/ru\/wp-json\/wp\/v2\/types\/product"}],"replies":[{"embeddable":true,"href":"https:\/\/gatapiekabes.lv\/ru\/wp-json\/wp\/v2\/comments?post=309"}],"wp:featuredmedia":[{"embeddable":true,"href":"https:\/\/gatapiekabes.lv\/ru\/wp-json\/wp\/v2\/media\/308"}],"wp:attachment":[{"href":"https:\/\/gatapiekabes.lv\/ru\/wp-json\/wp\/v2\/media?parent=309"}],"wp:term":[{"taxonomy":"product_brand","embeddable":true,"href":"https:\/\/gatapiekabes.lv\/ru\/wp-json\/wp\/v2\/product_brand?post=309"},{"taxonomy":"product_cat","embeddable":true,"href":"https:\/\/gatapiekabes.lv\/ru\/wp-json\/wp\/v2\/product_cat?post=309"},{"taxonomy":"product_tag","embeddable":true,"href":"https:\/\/gatapiekabes.lv\/ru\/wp-json\/wp\/v2\/product_tag?post=309"}],"curies":[{"name":"wp","href":"https:\/\/api.w.org\/{rel}","templated":true}]}}