{"id":310,"date":"2026-04-17T13:51:16","date_gmt":"2026-04-17T13:51:16","guid":{"rendered":"https:\/\/gatapiekabes.lv\/product\/plastikata-vaks-3-0-x-1-5-x-1-0-m\/"},"modified":"2026-04-23T18:24:40","modified_gmt":"2026-04-23T15:24:40","slug":"plastikata-vaks-3-0-x-1-5-x-1-0-m","status":"publish","type":"product","link":"https:\/\/gatapiekabes.lv\/ru\/product\/plastikata-vaks-3-0-x-1-5-x-1-0-m\/","title":{"rendered":"Plastik\u0101ta v\u0101ks\u00a03.0 x 1.5 x 1.0 m"},"content":{"rendered":"<p>Plastmasas p\u0101rsegs aizsarg\u0101 p\u0101rvad\u0101jam\u0101s preces no nepast\u0101v\u012bgiem laikapst\u0101k\u013ciem. Turkl\u0101t plastmasas p\u0101rsegi ir aizsl\u0113dzami ar atsl\u0113gu, kas nodro\u0161ina papildu dro\u0161\u012bbu. Plastmasas p\u0101rsegi ir izgatavoti no iztur\u012bgas polietil\u0113na plastmasas, ko ra\u017eo uz\u0146\u0113mums Jaxal. Plastmasas p\u0101rsega izm\u0113ri 3.0 x 1.5 x 1.0 m, kr\u0101sa \u2013 pel\u0113ka. Piem\u0113rots piekab\u0113m BREN-3015N\/3015-1P\/3015-2P\/BREN-3015\/BREN-3015-2. P\u0113rkot jaunu piekabi ar plastmasas p\u0101rsegu, plastmasas p\u0101rsega uzst\u0101d\u012b\u0161ana ir bez maksas!<\/p>","protected":false},"excerpt":{"rendered":"<p>Plastmasas p\u0101rsegs aizsarg\u0101 p\u0101rvad\u0101jam\u0101s preces no nepast\u0101v\u012bgiem laikapst\u0101k\u013ciem.<\/p>","protected":false},"featured_media":289,"comment_status":"open","ping_status":"closed","template":"","meta":[],"product_brand":[],"product_cat":[74],"product_tag":[],"class_list":{"0":"post-310","1":"product","2":"type-product","3":"status-publish","4":"has-post-thumbnail","6":"product_cat-plastikata-vaki","8":"first","9":"instock","10":"shipping-taxable","11":"purchasable","12":"product-type-simple"},"_links":{"self":[{"href":"https:\/\/gatapiekabes.lv\/ru\/wp-json\/wp\/v2\/product\/310","targetHints":{"allow":["GET"]}}],"collection":[{"href":"https:\/\/gatapiekabes.lv\/ru\/wp-json\/wp\/v2\/product"}],"about":[{"href":"https:\/\/gatapiekabes.lv\/ru\/wp-json\/wp\/v2\/types\/product"}],"replies":[{"embeddable":true,"href":"https:\/\/gatapiekabes.lv\/ru\/wp-json\/wp\/v2\/comments?post=310"}],"wp:featuredmedia":[{"embeddable":true,"href":"https:\/\/gatapiekabes.lv\/ru\/wp-json\/wp\/v2\/media\/289"}],"wp:attachment":[{"href":"https:\/\/gatapiekabes.lv\/ru\/wp-json\/wp\/v2\/media?parent=310"}],"wp:term":[{"taxonomy":"product_brand","embeddable":true,"href":"https:\/\/gatapiekabes.lv\/ru\/wp-json\/wp\/v2\/product_brand?post=310"},{"taxonomy":"product_cat","embeddable":true,"href":"https:\/\/gatapiekabes.lv\/ru\/wp-json\/wp\/v2\/product_cat?post=310"},{"taxonomy":"product_tag","embeddable":true,"href":"https:\/\/gatapiekabes.lv\/ru\/wp-json\/wp\/v2\/product_tag?post=310"}],"curies":[{"name":"wp","href":"https:\/\/api.w.org\/{rel}","templated":true}]}}