{"id":322,"date":"2026-04-17T13:51:20","date_gmt":"2026-04-17T13:51:20","guid":{"rendered":"https:\/\/gatapiekabes.lv\/product\/rezerves-ritena-kronsteins-n-series\/"},"modified":"2026-04-23T18:24:40","modified_gmt":"2026-04-23T15:24:40","slug":"rezerves-ritena-kronsteins-n-series","status":"publish","type":"product","link":"https:\/\/gatapiekabes.lv\/ru\/product\/rezerves-ritena-kronsteins-n-series\/","title":{"rendered":"Rezerves rite\u0146a kron\u0161teins N-series"},"content":{"rendered":"<p>Piem\u0113rots uzst\u0101d\u012b\u0161anai vis\u0101m N s\u0113rijas piekab\u0113m uz j\u016bgstie\u0146a vai kravas kastes r\u0101mja priek\u0161pus\u0113 vai aizmugur\u0113.<\/p>","protected":false},"excerpt":{"rendered":"<p>Piem\u0113rots uzst\u0101d\u012b\u0161anai vis\u0101m N s\u0113rijas piekab\u0113m uz j\u016bgstie\u0146a vai kravas kastes r\u0101mja priek\u0161pus\u0113 vai aizmugur\u0113.<\/p>","protected":false},"featured_media":321,"comment_status":"open","ping_status":"closed","template":"","meta":[],"product_brand":[],"product_cat":[75],"product_tag":[],"class_list":{"0":"post-322","1":"product","2":"type-product","3":"status-publish","4":"has-post-thumbnail","6":"product_cat-rezerves-riteni","8":"first","9":"instock","10":"shipping-taxable","11":"purchasable","12":"product-type-simple"},"_links":{"self":[{"href":"https:\/\/gatapiekabes.lv\/ru\/wp-json\/wp\/v2\/product\/322","targetHints":{"allow":["GET"]}}],"collection":[{"href":"https:\/\/gatapiekabes.lv\/ru\/wp-json\/wp\/v2\/product"}],"about":[{"href":"https:\/\/gatapiekabes.lv\/ru\/wp-json\/wp\/v2\/types\/product"}],"replies":[{"embeddable":true,"href":"https:\/\/gatapiekabes.lv\/ru\/wp-json\/wp\/v2\/comments?post=322"}],"wp:featuredmedia":[{"embeddable":true,"href":"https:\/\/gatapiekabes.lv\/ru\/wp-json\/wp\/v2\/media\/321"}],"wp:attachment":[{"href":"https:\/\/gatapiekabes.lv\/ru\/wp-json\/wp\/v2\/media?parent=322"}],"wp:term":[{"taxonomy":"product_brand","embeddable":true,"href":"https:\/\/gatapiekabes.lv\/ru\/wp-json\/wp\/v2\/product_brand?post=322"},{"taxonomy":"product_cat","embeddable":true,"href":"https:\/\/gatapiekabes.lv\/ru\/wp-json\/wp\/v2\/product_cat?post=322"},{"taxonomy":"product_tag","embeddable":true,"href":"https:\/\/gatapiekabes.lv\/ru\/wp-json\/wp\/v2\/product_tag?post=322"}],"curies":[{"name":"wp","href":"https:\/\/api.w.org\/{rel}","templated":true}]}}