{"id":338,"date":"2026-04-17T13:51:29","date_gmt":"2026-04-17T13:51:29","guid":{"rendered":"https:\/\/gatapiekabes.lv\/product\/aizmugurejais-stikls-flexipoint-oranzs\/"},"modified":"2026-04-23T18:24:40","modified_gmt":"2026-04-23T15:24:40","slug":"aizmugurejais-stikls-flexipoint-oranzs","status":"publish","type":"product","link":"https:\/\/gatapiekabes.lv\/ru\/product\/aizmugurejais-stikls-flexipoint-oranzs\/","title":{"rendered":"Aizmugur\u0113jais stikls Flexipoint oran\u017es"},"content":{"rendered":"<p>Piem\u0113rots piekabes s\u0101nu lukturiem &#8211; Asp\u00f6ck.<\/p>","protected":false},"excerpt":{"rendered":"<p>Piem\u0113rots piekabes s\u0101nu lukturiem &#8211; Asp\u00f6ck.<\/p>","protected":false},"featured_media":337,"comment_status":"open","ping_status":"closed","template":"","meta":[],"product_brand":[],"product_cat":[76],"product_tag":[],"class_list":{"0":"post-338","1":"product","2":"type-product","3":"status-publish","4":"has-post-thumbnail","6":"product_cat-lukturi","8":"first","9":"instock","10":"shipping-taxable","11":"purchasable","12":"product-type-simple"},"_links":{"self":[{"href":"https:\/\/gatapiekabes.lv\/ru\/wp-json\/wp\/v2\/product\/338","targetHints":{"allow":["GET"]}}],"collection":[{"href":"https:\/\/gatapiekabes.lv\/ru\/wp-json\/wp\/v2\/product"}],"about":[{"href":"https:\/\/gatapiekabes.lv\/ru\/wp-json\/wp\/v2\/types\/product"}],"replies":[{"embeddable":true,"href":"https:\/\/gatapiekabes.lv\/ru\/wp-json\/wp\/v2\/comments?post=338"}],"wp:featuredmedia":[{"embeddable":true,"href":"https:\/\/gatapiekabes.lv\/ru\/wp-json\/wp\/v2\/media\/337"}],"wp:attachment":[{"href":"https:\/\/gatapiekabes.lv\/ru\/wp-json\/wp\/v2\/media?parent=338"}],"wp:term":[{"taxonomy":"product_brand","embeddable":true,"href":"https:\/\/gatapiekabes.lv\/ru\/wp-json\/wp\/v2\/product_brand?post=338"},{"taxonomy":"product_cat","embeddable":true,"href":"https:\/\/gatapiekabes.lv\/ru\/wp-json\/wp\/v2\/product_cat?post=338"},{"taxonomy":"product_tag","embeddable":true,"href":"https:\/\/gatapiekabes.lv\/ru\/wp-json\/wp\/v2\/product_tag?post=338"}],"curies":[{"name":"wp","href":"https:\/\/api.w.org\/{rel}","templated":true}]}}