{"id":346,"date":"2026-04-17T13:51:34","date_gmt":"2026-04-17T13:51:34","guid":{"rendered":"https:\/\/gatapiekabes.lv\/product\/sakabes-ierice-800kg-%e2%98%9060-mm\/"},"modified":"2026-04-23T18:24:41","modified_gmt":"2026-04-23T15:24:41","slug":"sakabes-ierice-800kg-%e2%98%9060-mm","status":"publish","type":"product","link":"https:\/\/gatapiekabes.lv\/ru\/product\/sakabes-ierice-800kg-%e2%98%9060-mm\/","title":{"rendered":"Sakabes ier\u012bce 800kg, \u261060 mm"},"content":{"rendered":"<p>Sakabes ier\u012bce 800kg, \u261060 mm \u2014 karsti cinkots, metin\u0101ts r\u0101mis no S355 t\u0113rauda.<\/p>","protected":false},"excerpt":{"rendered":"<p>Sakabes ier\u012bce 800kg, \u261060 mm \u2014 karsti cinkots, metin\u0101ts r\u0101mis no S355 t\u0113rauda.<\/p>","protected":false},"featured_media":345,"comment_status":"open","ping_status":"closed","template":"","meta":[],"product_brand":[],"product_cat":[70],"product_tag":[],"class_list":{"0":"post-346","1":"product","2":"type-product","3":"status-publish","4":"has-post-thumbnail","6":"product_cat-sakabes-ierices","8":"first","9":"instock","10":"shipping-taxable","11":"purchasable","12":"product-type-simple"},"_links":{"self":[{"href":"https:\/\/gatapiekabes.lv\/ru\/wp-json\/wp\/v2\/product\/346","targetHints":{"allow":["GET"]}}],"collection":[{"href":"https:\/\/gatapiekabes.lv\/ru\/wp-json\/wp\/v2\/product"}],"about":[{"href":"https:\/\/gatapiekabes.lv\/ru\/wp-json\/wp\/v2\/types\/product"}],"replies":[{"embeddable":true,"href":"https:\/\/gatapiekabes.lv\/ru\/wp-json\/wp\/v2\/comments?post=346"}],"wp:featuredmedia":[{"embeddable":true,"href":"https:\/\/gatapiekabes.lv\/ru\/wp-json\/wp\/v2\/media\/345"}],"wp:attachment":[{"href":"https:\/\/gatapiekabes.lv\/ru\/wp-json\/wp\/v2\/media?parent=346"}],"wp:term":[{"taxonomy":"product_brand","embeddable":true,"href":"https:\/\/gatapiekabes.lv\/ru\/wp-json\/wp\/v2\/product_brand?post=346"},{"taxonomy":"product_cat","embeddable":true,"href":"https:\/\/gatapiekabes.lv\/ru\/wp-json\/wp\/v2\/product_cat?post=346"},{"taxonomy":"product_tag","embeddable":true,"href":"https:\/\/gatapiekabes.lv\/ru\/wp-json\/wp\/v2\/product_tag?post=346"}],"curies":[{"name":"wp","href":"https:\/\/api.w.org\/{rel}","templated":true}]}}