{"id":348,"date":"2026-04-17T16:51:36","date_gmt":"2026-04-17T13:51:36","guid":{"rendered":"https:\/\/gatapiekabes.lv\/product\/%d1%82%d1%80%d0%be%d1%81-%d0%b1%d0%b5%d0%b7%d0%be%d0%bf%d0%b0%d1%81%d0%bd%d0%be%d1%81%d1%82%d0%b8-knott-1055mm-%d0%bf%d1%80%d0%b8%d1%86%d0%b5%d0%bf-%d1%81-%d1%82%d0%be%d1%80%d0%bc%d0%be%d0%b7%d0%b0\/"},"modified":"2026-04-23T18:24:41","modified_gmt":"2026-04-23T15:24:41","slug":"%d1%82%d1%80%d0%be%d1%81-%d0%b1%d0%b5%d0%b7%d0%be%d0%bf%d0%b0%d1%81%d0%bd%d0%be%d1%81%d1%82%d0%b8-knott-1055mm-%d0%bf%d1%80%d0%b8%d1%86%d0%b5%d0%bf-%d1%81-%d1%82%d0%be%d1%80%d0%bc%d0%be%d0%b7%d0%b0","status":"publish","type":"product","link":"https:\/\/gatapiekabes.lv\/ru\/product\/%d1%82%d1%80%d0%be%d1%81-%d0%b1%d0%b5%d0%b7%d0%be%d0%bf%d0%b0%d1%81%d0%bd%d0%be%d1%81%d1%82%d0%b8-knott-1055mm-%d0%bf%d1%80%d0%b8%d1%86%d0%b5%d0%bf-%d1%81-%d1%82%d0%be%d1%80%d0%bc%d0%be%d0%b7%d0%b0\/","title":{"rendered":"Dro\u0161\u012bbas trose KNOTT 1055mm (piekabe ar bremz\u0113m)"},"content":{"rendered":"<p>Dro\u0161\u012bbas trose KNOTT 1055mm (piekabe ar bremz\u0113m) \u2014 karsti cinkots, metin\u0101ts r\u0101mis no S355 t\u0113rauda.<\/p>","protected":false},"excerpt":{"rendered":"<p>Dro\u0161\u012bbas trose KNOTT 1055mm (piekabe ar bremz\u0113m) \u2014 karsti cinkots, metin\u0101ts r\u0101mis no S355 t\u0113rauda.<\/p>","protected":false},"featured_media":347,"comment_status":"open","ping_status":"closed","template":"","meta":[],"product_brand":[],"product_cat":[70],"product_tag":[],"class_list":{"0":"post-348","1":"product","2":"type-product","3":"status-publish","4":"has-post-thumbnail","6":"product_cat-sakabes-ierices","8":"first","9":"instock","10":"shipping-taxable","11":"purchasable","12":"product-type-simple"},"_links":{"self":[{"href":"https:\/\/gatapiekabes.lv\/ru\/wp-json\/wp\/v2\/product\/348","targetHints":{"allow":["GET"]}}],"collection":[{"href":"https:\/\/gatapiekabes.lv\/ru\/wp-json\/wp\/v2\/product"}],"about":[{"href":"https:\/\/gatapiekabes.lv\/ru\/wp-json\/wp\/v2\/types\/product"}],"replies":[{"embeddable":true,"href":"https:\/\/gatapiekabes.lv\/ru\/wp-json\/wp\/v2\/comments?post=348"}],"wp:featuredmedia":[{"embeddable":true,"href":"https:\/\/gatapiekabes.lv\/ru\/wp-json\/wp\/v2\/media\/347"}],"wp:attachment":[{"href":"https:\/\/gatapiekabes.lv\/ru\/wp-json\/wp\/v2\/media?parent=348"}],"wp:term":[{"taxonomy":"product_brand","embeddable":true,"href":"https:\/\/gatapiekabes.lv\/ru\/wp-json\/wp\/v2\/product_brand?post=348"},{"taxonomy":"product_cat","embeddable":true,"href":"https:\/\/gatapiekabes.lv\/ru\/wp-json\/wp\/v2\/product_cat?post=348"},{"taxonomy":"product_tag","embeddable":true,"href":"https:\/\/gatapiekabes.lv\/ru\/wp-json\/wp\/v2\/product_tag?post=348"}],"curies":[{"name":"wp","href":"https:\/\/api.w.org\/{rel}","templated":true}]}}