{"id":350,"date":"2026-04-17T13:51:37","date_gmt":"2026-04-17T13:51:37","guid":{"rendered":"https:\/\/gatapiekabes.lv\/product\/gabaritlukturis-flexipoint-balts-ar-korpusu-bez-spuldzes-un-vada\/"},"modified":"2026-04-23T18:24:41","modified_gmt":"2026-04-23T15:24:41","slug":"gabaritlukturis-flexipoint-balts-ar-korpusu-bez-spuldzes-un-vada","status":"publish","type":"product","link":"https:\/\/gatapiekabes.lv\/ru\/product\/gabaritlukturis-flexipoint-balts-ar-korpusu-bez-spuldzes-un-vada\/","title":{"rendered":"Gabar\u012btlukturis Flexipoint balts ar korpusu (bez spuldzes un vada)"},"content":{"rendered":"<p>Piem\u0113rots BRENTEX piekab\u0113m.<\/p>","protected":false},"excerpt":{"rendered":"<p>Piem\u0113rots BRENTEX<\/p>","protected":false},"featured_media":349,"comment_status":"open","ping_status":"closed","template":"","meta":[],"product_brand":[],"product_cat":[76],"product_tag":[],"class_list":{"0":"post-350","1":"product","2":"type-product","3":"status-publish","4":"has-post-thumbnail","6":"product_cat-lukturi","8":"first","9":"instock","10":"shipping-taxable","11":"purchasable","12":"product-type-simple"},"_links":{"self":[{"href":"https:\/\/gatapiekabes.lv\/ru\/wp-json\/wp\/v2\/product\/350","targetHints":{"allow":["GET"]}}],"collection":[{"href":"https:\/\/gatapiekabes.lv\/ru\/wp-json\/wp\/v2\/product"}],"about":[{"href":"https:\/\/gatapiekabes.lv\/ru\/wp-json\/wp\/v2\/types\/product"}],"replies":[{"embeddable":true,"href":"https:\/\/gatapiekabes.lv\/ru\/wp-json\/wp\/v2\/comments?post=350"}],"wp:featuredmedia":[{"embeddable":true,"href":"https:\/\/gatapiekabes.lv\/ru\/wp-json\/wp\/v2\/media\/349"}],"wp:attachment":[{"href":"https:\/\/gatapiekabes.lv\/ru\/wp-json\/wp\/v2\/media?parent=350"}],"wp:term":[{"taxonomy":"product_brand","embeddable":true,"href":"https:\/\/gatapiekabes.lv\/ru\/wp-json\/wp\/v2\/product_brand?post=350"},{"taxonomy":"product_cat","embeddable":true,"href":"https:\/\/gatapiekabes.lv\/ru\/wp-json\/wp\/v2\/product_cat?post=350"},{"taxonomy":"product_tag","embeddable":true,"href":"https:\/\/gatapiekabes.lv\/ru\/wp-json\/wp\/v2\/product_tag?post=350"}],"curies":[{"name":"wp","href":"https:\/\/api.w.org\/{rel}","templated":true}]}}