{"id":352,"date":"2026-04-17T13:51:38","date_gmt":"2026-04-17T13:51:38","guid":{"rendered":"https:\/\/gatapiekabes.lv\/product\/lukturis-multipoint-2-kreisais-numura-apgaismojums-sanos\/"},"modified":"2026-04-23T18:24:41","modified_gmt":"2026-04-23T15:24:41","slug":"lukturis-multipoint-2-kreisais-numura-apgaismojums-sanos","status":"publish","type":"product","link":"https:\/\/gatapiekabes.lv\/ru\/product\/lukturis-multipoint-2-kreisais-numura-apgaismojums-sanos\/","title":{"rendered":"Lukturis Multipoint 2, kreisais (numura apgaismojums s\u0101nos)"},"content":{"rendered":"<p>Multipoint 2 aizmugur\u0113jais lukturis, kreis\u0101, numura apgaismojuma lukturis s\u0101n\u0101, 5 pin savienojums. Piem\u0113rots vis\u0101m kravas kastes piekab\u0113m, iz\u0146emot piekabes ar platumu 1,8\u00a0m.<\/p>","protected":false},"excerpt":{"rendered":"<p>Multipoint 2 aizmugur\u0113jais lukturis, kreis\u0101, numura apgaismojuma lukturis s\u0101n\u0101, 5 pin savienojums.<\/p>","protected":false},"featured_media":351,"comment_status":"open","ping_status":"closed","template":"","meta":[],"product_brand":[],"product_cat":[76],"product_tag":[],"class_list":{"0":"post-352","1":"product","2":"type-product","3":"status-publish","4":"has-post-thumbnail","6":"product_cat-lukturi","8":"first","9":"instock","10":"shipping-taxable","11":"purchasable","12":"product-type-simple"},"_links":{"self":[{"href":"https:\/\/gatapiekabes.lv\/ru\/wp-json\/wp\/v2\/product\/352","targetHints":{"allow":["GET"]}}],"collection":[{"href":"https:\/\/gatapiekabes.lv\/ru\/wp-json\/wp\/v2\/product"}],"about":[{"href":"https:\/\/gatapiekabes.lv\/ru\/wp-json\/wp\/v2\/types\/product"}],"replies":[{"embeddable":true,"href":"https:\/\/gatapiekabes.lv\/ru\/wp-json\/wp\/v2\/comments?post=352"}],"wp:featuredmedia":[{"embeddable":true,"href":"https:\/\/gatapiekabes.lv\/ru\/wp-json\/wp\/v2\/media\/351"}],"wp:attachment":[{"href":"https:\/\/gatapiekabes.lv\/ru\/wp-json\/wp\/v2\/media?parent=352"}],"wp:term":[{"taxonomy":"product_brand","embeddable":true,"href":"https:\/\/gatapiekabes.lv\/ru\/wp-json\/wp\/v2\/product_brand?post=352"},{"taxonomy":"product_cat","embeddable":true,"href":"https:\/\/gatapiekabes.lv\/ru\/wp-json\/wp\/v2\/product_cat?post=352"},{"taxonomy":"product_tag","embeddable":true,"href":"https:\/\/gatapiekabes.lv\/ru\/wp-json\/wp\/v2\/product_tag?post=352"}],"curies":[{"name":"wp","href":"https:\/\/api.w.org\/{rel}","templated":true}]}}