{"id":354,"date":"2026-04-17T13:51:39","date_gmt":"2026-04-17T13:51:39","guid":{"rendered":"https:\/\/gatapiekabes.lv\/product\/lukturis-multipoint-2-kreisais-bez-numura-apgaismojuma\/"},"modified":"2026-04-23T18:24:41","modified_gmt":"2026-04-23T15:24:41","slug":"lukturis-multipoint-2-kreisais-bez-numura-apgaismojuma","status":"publish","type":"product","link":"https:\/\/gatapiekabes.lv\/ru\/product\/lukturis-multipoint-2-kreisais-bez-numura-apgaismojuma\/","title":{"rendered":"Lukturis Multipoint 2, kreisais (bez numura apgaismojuma)"},"content":{"rendered":"<p>Multipoint 2 aizmugur\u0113jais lukturis, kreis\u0101, numura apgaismojuma lukturis s\u0101n\u0101, 5 pin savienojums. Piem\u0113rots piekab\u0113m\u00a0BREN-3718, BREN-370P, BREN-3718-2P.<\/p>","protected":false},"excerpt":{"rendered":"<p>Multipoint 2 aizmugur\u0113jais lukturis, kreis\u0101, numura apgaismojuma lukturis s\u0101n\u0101, 5 pin savienojums.<\/p>","protected":false},"featured_media":353,"comment_status":"open","ping_status":"closed","template":"","meta":[],"product_brand":[],"product_cat":[76],"product_tag":[],"class_list":{"0":"post-354","1":"product","2":"type-product","3":"status-publish","4":"has-post-thumbnail","6":"product_cat-lukturi","8":"first","9":"instock","10":"shipping-taxable","11":"purchasable","12":"product-type-simple"},"_links":{"self":[{"href":"https:\/\/gatapiekabes.lv\/ru\/wp-json\/wp\/v2\/product\/354","targetHints":{"allow":["GET"]}}],"collection":[{"href":"https:\/\/gatapiekabes.lv\/ru\/wp-json\/wp\/v2\/product"}],"about":[{"href":"https:\/\/gatapiekabes.lv\/ru\/wp-json\/wp\/v2\/types\/product"}],"replies":[{"embeddable":true,"href":"https:\/\/gatapiekabes.lv\/ru\/wp-json\/wp\/v2\/comments?post=354"}],"wp:featuredmedia":[{"embeddable":true,"href":"https:\/\/gatapiekabes.lv\/ru\/wp-json\/wp\/v2\/media\/353"}],"wp:attachment":[{"href":"https:\/\/gatapiekabes.lv\/ru\/wp-json\/wp\/v2\/media?parent=354"}],"wp:term":[{"taxonomy":"product_brand","embeddable":true,"href":"https:\/\/gatapiekabes.lv\/ru\/wp-json\/wp\/v2\/product_brand?post=354"},{"taxonomy":"product_cat","embeddable":true,"href":"https:\/\/gatapiekabes.lv\/ru\/wp-json\/wp\/v2\/product_cat?post=354"},{"taxonomy":"product_tag","embeddable":true,"href":"https:\/\/gatapiekabes.lv\/ru\/wp-json\/wp\/v2\/product_tag?post=354"}],"curies":[{"name":"wp","href":"https:\/\/api.w.org\/{rel}","templated":true}]}}