{"id":360,"date":"2026-04-17T13:51:43","date_gmt":"2026-04-17T13:51:43","guid":{"rendered":"https:\/\/gatapiekabes.lv\/product\/lukturis-multipoint-2-labais-bez-numura-apgaismojuma\/"},"modified":"2026-04-23T18:24:41","modified_gmt":"2026-04-23T15:24:41","slug":"lukturis-multipoint-2-labais-bez-numura-apgaismojuma","status":"publish","type":"product","link":"https:\/\/gatapiekabes.lv\/ru\/product\/lukturis-multipoint-2-labais-bez-numura-apgaismojuma\/","title":{"rendered":"Lukturis Multipoint 2, labais (bez numura apgaismojuma)"},"content":{"rendered":"<p>Multipoint 2 aizmugur\u0113jais lukturis, labais, numura apgaismojuma lukturis s\u0101n\u0101, 5 pin savienojums. Piem\u0113rots piekab\u0113m\u00a0BREN-3718, BREN-370P,\u00a0BREN-3718-2P, BREN-450B\/BS, BREN-500B\/BS, BREN-550B\/BS, BREN-600BP.<\/p>","protected":false},"excerpt":{"rendered":"<p>Multipoint 2 aizmugur\u0113jais lukturis, labais, numura apgaismojuma lukturis s\u0101n\u0101, 5 pin savienojums.<\/p>","protected":false},"featured_media":359,"comment_status":"open","ping_status":"closed","template":"","meta":[],"product_brand":[],"product_cat":[76],"product_tag":[],"class_list":{"0":"post-360","1":"product","2":"type-product","3":"status-publish","4":"has-post-thumbnail","6":"product_cat-lukturi","8":"first","9":"instock","10":"shipping-taxable","11":"purchasable","12":"product-type-simple"},"_links":{"self":[{"href":"https:\/\/gatapiekabes.lv\/ru\/wp-json\/wp\/v2\/product\/360","targetHints":{"allow":["GET"]}}],"collection":[{"href":"https:\/\/gatapiekabes.lv\/ru\/wp-json\/wp\/v2\/product"}],"about":[{"href":"https:\/\/gatapiekabes.lv\/ru\/wp-json\/wp\/v2\/types\/product"}],"replies":[{"embeddable":true,"href":"https:\/\/gatapiekabes.lv\/ru\/wp-json\/wp\/v2\/comments?post=360"}],"wp:featuredmedia":[{"embeddable":true,"href":"https:\/\/gatapiekabes.lv\/ru\/wp-json\/wp\/v2\/media\/359"}],"wp:attachment":[{"href":"https:\/\/gatapiekabes.lv\/ru\/wp-json\/wp\/v2\/media?parent=360"}],"wp:term":[{"taxonomy":"product_brand","embeddable":true,"href":"https:\/\/gatapiekabes.lv\/ru\/wp-json\/wp\/v2\/product_brand?post=360"},{"taxonomy":"product_cat","embeddable":true,"href":"https:\/\/gatapiekabes.lv\/ru\/wp-json\/wp\/v2\/product_cat?post=360"},{"taxonomy":"product_tag","embeddable":true,"href":"https:\/\/gatapiekabes.lv\/ru\/wp-json\/wp\/v2\/product_tag?post=360"}],"curies":[{"name":"wp","href":"https:\/\/api.w.org\/{rel}","templated":true}]}}