{"id":362,"date":"2026-04-17T13:51:44","date_gmt":"2026-04-17T13:51:44","guid":{"rendered":"https:\/\/gatapiekabes.lv\/product\/lukturis-multipoint-3-kreisais-numura-apgaismojums-sanos-8-pin-kontakti\/"},"modified":"2026-04-23T18:24:41","modified_gmt":"2026-04-23T15:24:41","slug":"lukturis-multipoint-3-kreisais-numura-apgaismojums-sanos-8-pin-kontakti","status":"publish","type":"product","link":"https:\/\/gatapiekabes.lv\/ru\/product\/lukturis-multipoint-3-kreisais-numura-apgaismojums-sanos-8-pin-kontakti\/","title":{"rendered":"Lukturis Multipoint 3, kreisais (numura apgaismojums s\u0101nos) 8-pin kontakti"},"content":{"rendered":"<p>Multipoint 3\u00a0aizmugur\u0113jais lukturis, kreis\u0101, numura apgaismojuma lukturis s\u0101n\u0101, 8\u00a0pin savienojums.\u00a0Piem\u0113rots piekab\u0113m BREN-700BP.<\/p>","protected":false},"excerpt":{"rendered":"<p>Multipoint 3\u00a0aizmugur\u0113jais lukturis, kreis\u0101, numura apgaismojuma lukturis s\u0101n\u0101, 8\u00a0pin savienojums.<\/p>","protected":false},"featured_media":361,"comment_status":"open","ping_status":"closed","template":"","meta":[],"product_brand":[],"product_cat":[76],"product_tag":[],"class_list":{"0":"post-362","1":"product","2":"type-product","3":"status-publish","4":"has-post-thumbnail","6":"product_cat-lukturi","8":"first","9":"instock","10":"shipping-taxable","11":"purchasable","12":"product-type-simple"},"_links":{"self":[{"href":"https:\/\/gatapiekabes.lv\/ru\/wp-json\/wp\/v2\/product\/362","targetHints":{"allow":["GET"]}}],"collection":[{"href":"https:\/\/gatapiekabes.lv\/ru\/wp-json\/wp\/v2\/product"}],"about":[{"href":"https:\/\/gatapiekabes.lv\/ru\/wp-json\/wp\/v2\/types\/product"}],"replies":[{"embeddable":true,"href":"https:\/\/gatapiekabes.lv\/ru\/wp-json\/wp\/v2\/comments?post=362"}],"wp:featuredmedia":[{"embeddable":true,"href":"https:\/\/gatapiekabes.lv\/ru\/wp-json\/wp\/v2\/media\/361"}],"wp:attachment":[{"href":"https:\/\/gatapiekabes.lv\/ru\/wp-json\/wp\/v2\/media?parent=362"}],"wp:term":[{"taxonomy":"product_brand","embeddable":true,"href":"https:\/\/gatapiekabes.lv\/ru\/wp-json\/wp\/v2\/product_brand?post=362"},{"taxonomy":"product_cat","embeddable":true,"href":"https:\/\/gatapiekabes.lv\/ru\/wp-json\/wp\/v2\/product_cat?post=362"},{"taxonomy":"product_tag","embeddable":true,"href":"https:\/\/gatapiekabes.lv\/ru\/wp-json\/wp\/v2\/product_tag?post=362"}],"curies":[{"name":"wp","href":"https:\/\/api.w.org\/{rel}","templated":true}]}}