{"id":366,"date":"2026-04-17T13:51:46","date_gmt":"2026-04-17T13:51:46","guid":{"rendered":"https:\/\/gatapiekabes.lv\/product\/led-aizmugurejais-lukturis-lucidity-kreisais-ar-numura-apgaismojumu\/"},"modified":"2026-04-23T18:24:41","modified_gmt":"2026-04-23T15:24:41","slug":"led-aizmugurejais-lukturis-lucidity-kreisais-ar-numura-apgaismojumu","status":"publish","type":"product","link":"https:\/\/gatapiekabes.lv\/ru\/product\/led-aizmugurejais-lukturis-lucidity-kreisais-ar-numura-apgaismojumu\/","title":{"rendered":"LED aizmugur\u0113jais lukturis Lucidity, kreisais (ar numura apgaismojumu)"},"content":{"rendered":"<p>12V, 5pin. Piem\u0113rots vis\u0101m kastes tipa piekab\u0113m, iz\u0146emot piekabes ar platumu 1,8\u00a0m.<\/p>","protected":false},"excerpt":{"rendered":"<p>12V, 5pin<\/p>","protected":false},"featured_media":365,"comment_status":"open","ping_status":"closed","template":"","meta":[],"product_brand":[],"product_cat":[78],"product_tag":[],"class_list":{"0":"post-366","1":"product","2":"type-product","3":"status-publish","4":"has-post-thumbnail","6":"product_cat-led-lukturi","8":"first","9":"instock","10":"shipping-taxable","11":"purchasable","12":"product-type-simple"},"_links":{"self":[{"href":"https:\/\/gatapiekabes.lv\/ru\/wp-json\/wp\/v2\/product\/366","targetHints":{"allow":["GET"]}}],"collection":[{"href":"https:\/\/gatapiekabes.lv\/ru\/wp-json\/wp\/v2\/product"}],"about":[{"href":"https:\/\/gatapiekabes.lv\/ru\/wp-json\/wp\/v2\/types\/product"}],"replies":[{"embeddable":true,"href":"https:\/\/gatapiekabes.lv\/ru\/wp-json\/wp\/v2\/comments?post=366"}],"wp:featuredmedia":[{"embeddable":true,"href":"https:\/\/gatapiekabes.lv\/ru\/wp-json\/wp\/v2\/media\/365"}],"wp:attachment":[{"href":"https:\/\/gatapiekabes.lv\/ru\/wp-json\/wp\/v2\/media?parent=366"}],"wp:term":[{"taxonomy":"product_brand","embeddable":true,"href":"https:\/\/gatapiekabes.lv\/ru\/wp-json\/wp\/v2\/product_brand?post=366"},{"taxonomy":"product_cat","embeddable":true,"href":"https:\/\/gatapiekabes.lv\/ru\/wp-json\/wp\/v2\/product_cat?post=366"},{"taxonomy":"product_tag","embeddable":true,"href":"https:\/\/gatapiekabes.lv\/ru\/wp-json\/wp\/v2\/product_tag?post=366"}],"curies":[{"name":"wp","href":"https:\/\/api.w.org\/{rel}","templated":true}]}}