{"id":374,"date":"2026-04-17T13:51:51","date_gmt":"2026-04-17T13:51:51","guid":{"rendered":"https:\/\/gatapiekabes.lv\/product\/led-gabaritlukturis-flexipoint-balts-elastigs-stiprinajums-novietojams-sanos-1m-kabelis\/"},"modified":"2026-04-23T18:24:41","modified_gmt":"2026-04-23T15:24:41","slug":"led-gabaritlukturis-flexipoint-balts-elastigs-stiprinajums-novietojams-sanos-1m-kabelis","status":"publish","type":"product","link":"https:\/\/gatapiekabes.lv\/ru\/product\/led-gabaritlukturis-flexipoint-balts-elastigs-stiprinajums-novietojams-sanos-1m-kabelis\/","title":{"rendered":"LED gabar\u012btlukturis Flexipoint, balts, elast\u012bgs stiprin\u0101jums ( novietojams s\u0101nos, 1m kabelis)"},"content":{"rendered":"<p>12V, uz konsoles ar 1 m kabeli. Piem\u0113rots vis\u0101m piekab\u0113m.<\/p>","protected":false},"excerpt":{"rendered":"<p>12V, uz konsoles ar 1 m kabeli.<\/p>","protected":false},"featured_media":373,"comment_status":"open","ping_status":"closed","template":"","meta":[],"product_brand":[],"product_cat":[78],"product_tag":[],"class_list":{"0":"post-374","1":"product","2":"type-product","3":"status-publish","4":"has-post-thumbnail","6":"product_cat-led-lukturi","8":"first","9":"instock","10":"shipping-taxable","11":"purchasable","12":"product-type-simple"},"_links":{"self":[{"href":"https:\/\/gatapiekabes.lv\/ru\/wp-json\/wp\/v2\/product\/374","targetHints":{"allow":["GET"]}}],"collection":[{"href":"https:\/\/gatapiekabes.lv\/ru\/wp-json\/wp\/v2\/product"}],"about":[{"href":"https:\/\/gatapiekabes.lv\/ru\/wp-json\/wp\/v2\/types\/product"}],"replies":[{"embeddable":true,"href":"https:\/\/gatapiekabes.lv\/ru\/wp-json\/wp\/v2\/comments?post=374"}],"wp:featuredmedia":[{"embeddable":true,"href":"https:\/\/gatapiekabes.lv\/ru\/wp-json\/wp\/v2\/media\/373"}],"wp:attachment":[{"href":"https:\/\/gatapiekabes.lv\/ru\/wp-json\/wp\/v2\/media?parent=374"}],"wp:term":[{"taxonomy":"product_brand","embeddable":true,"href":"https:\/\/gatapiekabes.lv\/ru\/wp-json\/wp\/v2\/product_brand?post=374"},{"taxonomy":"product_cat","embeddable":true,"href":"https:\/\/gatapiekabes.lv\/ru\/wp-json\/wp\/v2\/product_cat?post=374"},{"taxonomy":"product_tag","embeddable":true,"href":"https:\/\/gatapiekabes.lv\/ru\/wp-json\/wp\/v2\/product_tag?post=374"}],"curies":[{"name":"wp","href":"https:\/\/api.w.org\/{rel}","templated":true}]}}