{"id":381,"date":"2026-04-17T13:51:54","date_gmt":"2026-04-17T13:51:54","guid":{"rendered":"https:\/\/gatapiekabes.lv\/product\/gabaritlukturis-flexipoint-oranzs-plakans-stiprinajums-0-5m-vads\/"},"modified":"2026-04-23T18:24:42","modified_gmt":"2026-04-23T15:24:42","slug":"gabaritlukturis-flexipoint-oranzs-plakans-stiprinajums-0-5m-vads","status":"publish","type":"product","link":"https:\/\/gatapiekabes.lv\/ru\/product\/gabaritlukturis-flexipoint-oranzs-plakans-stiprinajums-0-5m-vads\/","title":{"rendered":"Gabar\u012btlukturis Flexipoint oran\u017es (plakans stiprin\u0101jums, 0.5m vads)"},"content":{"rendered":"<p>Piekabes s\u0101nu lukturis<\/p>","protected":false},"excerpt":{"rendered":"<p>Piekabes s\u0101nu lukturis<\/p>","protected":false},"featured_media":380,"comment_status":"open","ping_status":"closed","template":"","meta":[],"product_brand":[],"product_cat":[76],"product_tag":[],"class_list":{"0":"post-381","1":"product","2":"type-product","3":"status-publish","4":"has-post-thumbnail","6":"product_cat-lukturi","8":"first","9":"instock","10":"shipping-taxable","11":"purchasable","12":"product-type-simple"},"_links":{"self":[{"href":"https:\/\/gatapiekabes.lv\/ru\/wp-json\/wp\/v2\/product\/381","targetHints":{"allow":["GET"]}}],"collection":[{"href":"https:\/\/gatapiekabes.lv\/ru\/wp-json\/wp\/v2\/product"}],"about":[{"href":"https:\/\/gatapiekabes.lv\/ru\/wp-json\/wp\/v2\/types\/product"}],"replies":[{"embeddable":true,"href":"https:\/\/gatapiekabes.lv\/ru\/wp-json\/wp\/v2\/comments?post=381"}],"wp:featuredmedia":[{"embeddable":true,"href":"https:\/\/gatapiekabes.lv\/ru\/wp-json\/wp\/v2\/media\/380"}],"wp:attachment":[{"href":"https:\/\/gatapiekabes.lv\/ru\/wp-json\/wp\/v2\/media?parent=381"}],"wp:term":[{"taxonomy":"product_brand","embeddable":true,"href":"https:\/\/gatapiekabes.lv\/ru\/wp-json\/wp\/v2\/product_brand?post=381"},{"taxonomy":"product_cat","embeddable":true,"href":"https:\/\/gatapiekabes.lv\/ru\/wp-json\/wp\/v2\/product_cat?post=381"},{"taxonomy":"product_tag","embeddable":true,"href":"https:\/\/gatapiekabes.lv\/ru\/wp-json\/wp\/v2\/product_tag?post=381"}],"curies":[{"name":"wp","href":"https:\/\/api.w.org\/{rel}","templated":true}]}}