{"id":390,"date":"2026-04-17T13:52:01","date_gmt":"2026-04-17T13:52:01","guid":{"rendered":"https:\/\/gatapiekabes.lv\/product\/numura-apgaismojums-regpoint-small-led-0-8m-vads\/"},"modified":"2026-04-23T18:24:42","modified_gmt":"2026-04-23T15:24:42","slug":"numura-apgaismojums-regpoint-small-led-0-8m-vads","status":"publish","type":"product","link":"https:\/\/gatapiekabes.lv\/ru\/product\/numura-apgaismojums-regpoint-small-led-0-8m-vads\/","title":{"rendered":"Numura apgaismojums Regpoint Small LED (0.8m vads)"},"content":{"rendered":"<p>12\/24 V, 0,8 m kabelis. Piem\u0113rots vis\u0101m piekab\u0113m, parasti tiek izmantots 1,8 m plat\u0101m piekab\u0113m.<\/p>","protected":false},"excerpt":{"rendered":"<p>12\/24 V, 0,8 m kabelis<\/p>","protected":false},"featured_media":388,"comment_status":"open","ping_status":"closed","template":"","meta":[],"product_brand":[],"product_cat":[78],"product_tag":[],"class_list":{"0":"post-390","1":"product","2":"type-product","3":"status-publish","4":"has-post-thumbnail","6":"product_cat-led-lukturi","8":"first","9":"instock","10":"shipping-taxable","11":"purchasable","12":"product-type-simple"},"_links":{"self":[{"href":"https:\/\/gatapiekabes.lv\/ru\/wp-json\/wp\/v2\/product\/390","targetHints":{"allow":["GET"]}}],"collection":[{"href":"https:\/\/gatapiekabes.lv\/ru\/wp-json\/wp\/v2\/product"}],"about":[{"href":"https:\/\/gatapiekabes.lv\/ru\/wp-json\/wp\/v2\/types\/product"}],"replies":[{"embeddable":true,"href":"https:\/\/gatapiekabes.lv\/ru\/wp-json\/wp\/v2\/comments?post=390"}],"wp:featuredmedia":[{"embeddable":true,"href":"https:\/\/gatapiekabes.lv\/ru\/wp-json\/wp\/v2\/media\/388"}],"wp:attachment":[{"href":"https:\/\/gatapiekabes.lv\/ru\/wp-json\/wp\/v2\/media?parent=390"}],"wp:term":[{"taxonomy":"product_brand","embeddable":true,"href":"https:\/\/gatapiekabes.lv\/ru\/wp-json\/wp\/v2\/product_brand?post=390"},{"taxonomy":"product_cat","embeddable":true,"href":"https:\/\/gatapiekabes.lv\/ru\/wp-json\/wp\/v2\/product_cat?post=390"},{"taxonomy":"product_tag","embeddable":true,"href":"https:\/\/gatapiekabes.lv\/ru\/wp-json\/wp\/v2\/product_tag?post=390"}],"curies":[{"name":"wp","href":"https:\/\/api.w.org\/{rel}","templated":true}]}}