{"id":392,"date":"2026-04-17T13:52:02","date_gmt":"2026-04-17T13:52:02","guid":{"rendered":"https:\/\/gatapiekabes.lv\/product\/led-rezistors-lucidity\/"},"modified":"2026-04-23T18:24:42","modified_gmt":"2026-04-23T15:24:42","slug":"led-rezistors-lucidity","status":"publish","type":"product","link":"https:\/\/gatapiekabes.lv\/ru\/product\/led-rezistors-lucidity\/","title":{"rendered":"LED rezistors Lucidity"},"content":{"rendered":"<p>12V, 13 pin, 1,65 m kabelis. Rezistors ir paredz\u0113ts lieto\u0161anai gad\u012bjumos, kad LED spuldz\u012btes k\u0101da iemesla d\u0113\u013c mirgo vai automa\u0161\u012bnai uz instrumentu pane\u013ca redzams k\u013c\u016bdas pazi\u0146ojums CANBUS sist\u0113m\u0101m.<\/p>","protected":false},"excerpt":{"rendered":"<p>12V, 13 pin, 1,65 m kabelis<\/p>","protected":false},"featured_media":391,"comment_status":"open","ping_status":"closed","template":"","meta":[],"product_brand":[],"product_cat":[78],"product_tag":[],"class_list":{"0":"post-392","1":"product","2":"type-product","3":"status-publish","4":"has-post-thumbnail","6":"product_cat-led-lukturi","8":"first","9":"instock","10":"shipping-taxable","11":"purchasable","12":"product-type-simple"},"_links":{"self":[{"href":"https:\/\/gatapiekabes.lv\/ru\/wp-json\/wp\/v2\/product\/392","targetHints":{"allow":["GET"]}}],"collection":[{"href":"https:\/\/gatapiekabes.lv\/ru\/wp-json\/wp\/v2\/product"}],"about":[{"href":"https:\/\/gatapiekabes.lv\/ru\/wp-json\/wp\/v2\/types\/product"}],"replies":[{"embeddable":true,"href":"https:\/\/gatapiekabes.lv\/ru\/wp-json\/wp\/v2\/comments?post=392"}],"wp:featuredmedia":[{"embeddable":true,"href":"https:\/\/gatapiekabes.lv\/ru\/wp-json\/wp\/v2\/media\/391"}],"wp:attachment":[{"href":"https:\/\/gatapiekabes.lv\/ru\/wp-json\/wp\/v2\/media?parent=392"}],"wp:term":[{"taxonomy":"product_brand","embeddable":true,"href":"https:\/\/gatapiekabes.lv\/ru\/wp-json\/wp\/v2\/product_brand?post=392"},{"taxonomy":"product_cat","embeddable":true,"href":"https:\/\/gatapiekabes.lv\/ru\/wp-json\/wp\/v2\/product_cat?post=392"},{"taxonomy":"product_tag","embeddable":true,"href":"https:\/\/gatapiekabes.lv\/ru\/wp-json\/wp\/v2\/product_tag?post=392"}],"curies":[{"name":"wp","href":"https:\/\/api.w.org\/{rel}","templated":true}]}}