{"id":394,"date":"2026-04-17T13:52:02","date_gmt":"2026-04-17T13:52:02","guid":{"rendered":"https:\/\/gatapiekabes.lv\/product\/paraboliska-atspere-ar-1-lapu-isa-knott-500-kg\/"},"modified":"2026-04-23T18:24:42","modified_gmt":"2026-04-23T15:24:42","slug":"paraboliska-atspere-ar-1-lapu-isa-knott-500-kg","status":"publish","type":"product","link":"https:\/\/gatapiekabes.lv\/ru\/product\/paraboliska-atspere-ar-1-lapu-isa-knott-500-kg\/","title":{"rendered":"Paraboliska atspere ar 1 lapu, \u012bsa KNOTT, 500 kg"},"content":{"rendered":"<p>Paraboliska atspere ar 1 lapu, \u012bsa KNOTT, 500 kg \u2014 karsti cinkots, metin\u0101ts r\u0101mis no S355 t\u0113rauda.<\/p>","protected":false},"excerpt":{"rendered":"<p>Paraboliska atspere ar 1 lapu, \u012bsa KNOTT, 500 kg \u2014 karsti cinkots, metin\u0101ts r\u0101mis no S355 t\u0113rauda.<\/p>","protected":false},"featured_media":0,"comment_status":"open","ping_status":"closed","template":"","meta":[],"product_brand":[],"product_cat":[69],"product_tag":[],"class_list":{"0":"post-394","1":"product","2":"type-product","3":"status-publish","5":"product_cat-amortizatori-un-atsperes","7":"first","8":"instock","9":"shipping-taxable","10":"purchasable","11":"product-type-simple"},"_links":{"self":[{"href":"https:\/\/gatapiekabes.lv\/ru\/wp-json\/wp\/v2\/product\/394","targetHints":{"allow":["GET"]}}],"collection":[{"href":"https:\/\/gatapiekabes.lv\/ru\/wp-json\/wp\/v2\/product"}],"about":[{"href":"https:\/\/gatapiekabes.lv\/ru\/wp-json\/wp\/v2\/types\/product"}],"replies":[{"embeddable":true,"href":"https:\/\/gatapiekabes.lv\/ru\/wp-json\/wp\/v2\/comments?post=394"}],"wp:attachment":[{"href":"https:\/\/gatapiekabes.lv\/ru\/wp-json\/wp\/v2\/media?parent=394"}],"wp:term":[{"taxonomy":"product_brand","embeddable":true,"href":"https:\/\/gatapiekabes.lv\/ru\/wp-json\/wp\/v2\/product_brand?post=394"},{"taxonomy":"product_cat","embeddable":true,"href":"https:\/\/gatapiekabes.lv\/ru\/wp-json\/wp\/v2\/product_cat?post=394"},{"taxonomy":"product_tag","embeddable":true,"href":"https:\/\/gatapiekabes.lv\/ru\/wp-json\/wp\/v2\/product_tag?post=394"}],"curies":[{"name":"wp","href":"https:\/\/api.w.org\/{rel}","templated":true}]}}