{"id":398,"date":"2026-04-17T13:52:06","date_gmt":"2026-04-17T13:52:06","guid":{"rendered":"https:\/\/gatapiekabes.lv\/product\/sakabes-ierice-knott-k27-a-n3-14-14-o50mm-2700kg\/"},"modified":"2026-04-23T18:24:42","modified_gmt":"2026-04-23T15:24:42","slug":"sakabes-ierice-knott-k27-a-n3-14-14-o50mm-2700kg","status":"publish","type":"product","link":"https:\/\/gatapiekabes.lv\/ru\/product\/sakabes-ierice-knott-k27-a-n3-14-14-o50mm-2700kg\/","title":{"rendered":"Sakabes ier\u012bce KNOTT K27-A N3, 14\/14, \u00d850mm, 2700kg"},"content":{"rendered":"<p>Sakabes ier\u012bce KNOTT K27-A N3, 14\/14, \u00d850mm, 2700kg \u2014 karsti cinkots, metin\u0101ts r\u0101mis no S355 t\u0113rauda.<\/p>","protected":false},"excerpt":{"rendered":"<p>Sakabes ier\u012bce KNOTT K27-A N3, 14\/14, \u00d850mm, 2700kg \u2014 karsti cinkots, metin\u0101ts r\u0101mis no S355 t\u0113rauda.<\/p>","protected":false},"featured_media":397,"comment_status":"open","ping_status":"closed","template":"","meta":[],"product_brand":[],"product_cat":[70],"product_tag":[],"class_list":{"0":"post-398","1":"product","2":"type-product","3":"status-publish","4":"has-post-thumbnail","6":"product_cat-sakabes-ierices","8":"first","9":"instock","10":"shipping-taxable","11":"purchasable","12":"product-type-simple"},"_links":{"self":[{"href":"https:\/\/gatapiekabes.lv\/ru\/wp-json\/wp\/v2\/product\/398","targetHints":{"allow":["GET"]}}],"collection":[{"href":"https:\/\/gatapiekabes.lv\/ru\/wp-json\/wp\/v2\/product"}],"about":[{"href":"https:\/\/gatapiekabes.lv\/ru\/wp-json\/wp\/v2\/types\/product"}],"replies":[{"embeddable":true,"href":"https:\/\/gatapiekabes.lv\/ru\/wp-json\/wp\/v2\/comments?post=398"}],"wp:featuredmedia":[{"embeddable":true,"href":"https:\/\/gatapiekabes.lv\/ru\/wp-json\/wp\/v2\/media\/397"}],"wp:attachment":[{"href":"https:\/\/gatapiekabes.lv\/ru\/wp-json\/wp\/v2\/media?parent=398"}],"wp:term":[{"taxonomy":"product_brand","embeddable":true,"href":"https:\/\/gatapiekabes.lv\/ru\/wp-json\/wp\/v2\/product_brand?post=398"},{"taxonomy":"product_cat","embeddable":true,"href":"https:\/\/gatapiekabes.lv\/ru\/wp-json\/wp\/v2\/product_cat?post=398"},{"taxonomy":"product_tag","embeddable":true,"href":"https:\/\/gatapiekabes.lv\/ru\/wp-json\/wp\/v2\/product_tag?post=398"}],"curies":[{"name":"wp","href":"https:\/\/api.w.org\/{rel}","templated":true}]}}