{"id":403,"date":"2026-04-17T13:52:07","date_gmt":"2026-04-17T13:52:07","guid":{"rendered":"https:\/\/gatapiekabes.lv\/product\/sakabes-ierice-knott-k20bn3-o45mm-2000-kg-knott-krv17-c\/"},"modified":"2026-04-23T18:24:42","modified_gmt":"2026-04-23T15:24:42","slug":"sakabes-ierice-knott-k20bn3-o45mm-2000-kg-knott-krv17-c","status":"publish","type":"product","link":"https:\/\/gatapiekabes.lv\/ru\/product\/sakabes-ierice-knott-k20bn3-o45mm-2000-kg-knott-krv17-c\/","title":{"rendered":"Sakabes ier\u012bce KNOTT K20BN3, \u00d845mm, 2000 kg ( KNOTT KRV17-C)"},"content":{"rendered":"<p>Sakabes ier\u012bce KNOTT K20BN3, \u00d845mm, 2000 kg ( KNOTT KRV17-C) \u2014 karsti cinkots, metin\u0101ts r\u0101mis no S355 t\u0113rauda.<\/p>","protected":false},"excerpt":{"rendered":"<p>Sakabes ier\u012bce KNOTT K20BN3, \u00d845mm, 2000 kg ( KNOTT KRV17-C) \u2014 karsti cinkots, metin\u0101ts r\u0101mis no S355 t\u0113rauda.<\/p>","protected":false},"featured_media":400,"comment_status":"open","ping_status":"closed","template":"","meta":[],"product_brand":[],"product_cat":[70],"product_tag":[],"class_list":{"0":"post-403","1":"product","2":"type-product","3":"status-publish","4":"has-post-thumbnail","6":"product_cat-sakabes-ierices","8":"first","9":"instock","10":"shipping-taxable","11":"purchasable","12":"product-type-simple"},"_links":{"self":[{"href":"https:\/\/gatapiekabes.lv\/ru\/wp-json\/wp\/v2\/product\/403","targetHints":{"allow":["GET"]}}],"collection":[{"href":"https:\/\/gatapiekabes.lv\/ru\/wp-json\/wp\/v2\/product"}],"about":[{"href":"https:\/\/gatapiekabes.lv\/ru\/wp-json\/wp\/v2\/types\/product"}],"replies":[{"embeddable":true,"href":"https:\/\/gatapiekabes.lv\/ru\/wp-json\/wp\/v2\/comments?post=403"}],"wp:featuredmedia":[{"embeddable":true,"href":"https:\/\/gatapiekabes.lv\/ru\/wp-json\/wp\/v2\/media\/400"}],"wp:attachment":[{"href":"https:\/\/gatapiekabes.lv\/ru\/wp-json\/wp\/v2\/media?parent=403"}],"wp:term":[{"taxonomy":"product_brand","embeddable":true,"href":"https:\/\/gatapiekabes.lv\/ru\/wp-json\/wp\/v2\/product_brand?post=403"},{"taxonomy":"product_cat","embeddable":true,"href":"https:\/\/gatapiekabes.lv\/ru\/wp-json\/wp\/v2\/product_cat?post=403"},{"taxonomy":"product_tag","embeddable":true,"href":"https:\/\/gatapiekabes.lv\/ru\/wp-json\/wp\/v2\/product_tag?post=403"}],"curies":[{"name":"wp","href":"https:\/\/api.w.org\/{rel}","templated":true}]}}