{"id":643,"date":"2026-04-17T16:55:48","date_gmt":"2026-04-17T13:55:48","guid":{"rendered":"https:\/\/gatapiekabes.lv\/product\/platformas-piekabe-bren-3015fb-1l\/"},"modified":"2026-04-23T18:24:47","modified_gmt":"2026-04-23T15:24:47","slug":"platformas-piekabe-bren-3015fb-1l","status":"publish","type":"product","link":"https:\/\/gatapiekabes.lv\/ru\/product\/platformas-piekabe-bren-3015fb-1l\/","title":{"rendered":"BREN-3015FB-1L"},"content":{"rendered":"<p>BREN-3015FB platformas piekabe ar l\u016bk\u0101m uz karsti cinkota piln\u012bb\u0101 metin\u0101ta r\u0101mja ir izgatavota no iztur\u012bga S355 konstrukciju t\u0113rauda. Iztur\u012bgas priek\u0161\u0113j\u0101s, aizmugur\u0113j\u0101s un s\u0101nu l\u016bkas:atsevi\u0161\u0137i no\u0146emamas, nolai\u017eamas un pastiprin\u0101tas ar sapl\u0101ksni. No\u0146emami st\u016bra statnes:l\u016bku st\u016bra statnes ir no\u0146emamas Kravas cilpas ir padzi\u013cin\u0101tas iekrau\u0161anas virsm\u0101:t\u0101d\u0113j\u0101di kravas cilpas netrauc\u0113 kravas iekrau\u0161anas laik\u0101 un t\u0101s var \u0113rti izvilkt no padzi\u013cin\u0101juma, lai nostiprin\u0101tu kravu. Iepriek\u0161 urbts r\u0101mis un j\u016bgstienis: Lielisks brauk\u0161anas komforts: Augstas kvalit\u0101tes rumbas un riepas: Regul\u0113jama vilk\u0161anas galva:800 kg vilk\u0161anas galva ar diviem fiks\u0113jamiem augstumiem. Uzlabota elektrisk\u0101 sist\u0113ma un apgaismojums: Pamata pl\u0101ksne:12mm bieza, \u016bdensiztur\u012bga, nesl\u012bdo\u0161a<\/p>","protected":false},"excerpt":{"rendered":"<p>BREN-3015FB platformas piekabe ar l\u016bk\u0101m uz karsti cinkota piln\u012bb\u0101 metin\u0101ta r\u0101mja ir izgatavota no iztur\u012bga S355 konstrukciju t\u0113rauda.<\/p>","protected":false},"featured_media":642,"comment_status":"open","ping_status":"closed","template":"","meta":[],"product_brand":[],"product_cat":[107],"product_tag":[],"class_list":{"0":"post-643","1":"product","2":"type-product","3":"status-publish","4":"has-post-thumbnail","6":"product_cat-platformas-piekabes","7":"pa_bremzes-bez-bremzem","8":"pa_celtspeja-440-kg","9":"pa_kastes-garums-3-0-m","10":"pa_kastes-platums-1-5-m","11":"pa_pilna-masa-750-kg","13":"first","14":"instock","15":"shipping-taxable","16":"purchasable","17":"product-type-simple"},"_links":{"self":[{"href":"https:\/\/gatapiekabes.lv\/ru\/wp-json\/wp\/v2\/product\/643","targetHints":{"allow":["GET"]}}],"collection":[{"href":"https:\/\/gatapiekabes.lv\/ru\/wp-json\/wp\/v2\/product"}],"about":[{"href":"https:\/\/gatapiekabes.lv\/ru\/wp-json\/wp\/v2\/types\/product"}],"replies":[{"embeddable":true,"href":"https:\/\/gatapiekabes.lv\/ru\/wp-json\/wp\/v2\/comments?post=643"}],"wp:featuredmedia":[{"embeddable":true,"href":"https:\/\/gatapiekabes.lv\/ru\/wp-json\/wp\/v2\/media\/642"}],"wp:attachment":[{"href":"https:\/\/gatapiekabes.lv\/ru\/wp-json\/wp\/v2\/media?parent=643"}],"wp:term":[{"taxonomy":"product_brand","embeddable":true,"href":"https:\/\/gatapiekabes.lv\/ru\/wp-json\/wp\/v2\/product_brand?post=643"},{"taxonomy":"product_cat","embeddable":true,"href":"https:\/\/gatapiekabes.lv\/ru\/wp-json\/wp\/v2\/product_cat?post=643"},{"taxonomy":"product_tag","embeddable":true,"href":"https:\/\/gatapiekabes.lv\/ru\/wp-json\/wp\/v2\/product_tag?post=643"}],"curies":[{"name":"wp","href":"https:\/\/api.w.org\/{rel}","templated":true}]}}