{"id":678,"date":"2026-04-17T16:56:30","date_gmt":"2026-04-17T13:56:30","guid":{"rendered":"https:\/\/gatapiekabes.lv\/product\/platformas-piekabe-bren-3020fb-2l\/"},"modified":"2026-04-23T18:24:48","modified_gmt":"2026-04-23T15:24:48","slug":"platformas-piekabe-bren-3020fb-2l","status":"publish","type":"product","link":"https:\/\/gatapiekabes.lv\/ru\/product\/platformas-piekabe-bren-3020fb-2l\/","title":{"rendered":"BREN-3020FB-2L"},"content":{"rendered":"<p>Brentex pavisam jaun\u0101s platformas piekabes tagad p\u0101rdo\u0161an\u0101!<\/p>","protected":false},"excerpt":{"rendered":"<p>Brentex pavisam jaun\u0101s platformas piekabes tagad p\u0101rdo\u0161an\u0101!<\/p>","protected":false},"featured_media":677,"comment_status":"open","ping_status":"closed","template":"","meta":[],"product_brand":[],"product_cat":[107],"product_tag":[],"class_list":{"0":"post-678","1":"product","2":"type-product","3":"status-publish","4":"has-post-thumbnail","6":"product_cat-platformas-piekabes","7":"pa_bremzes-bez-bremzem","8":"pa_celtspeja-341-kg","9":"pa_kastes-garums-3-0-m","10":"pa_kastes-platums-2-03-m","11":"pa_pilna-masa-750-kg","13":"first","14":"instock","15":"shipping-taxable","16":"purchasable","17":"product-type-simple"},"_links":{"self":[{"href":"https:\/\/gatapiekabes.lv\/ru\/wp-json\/wp\/v2\/product\/678","targetHints":{"allow":["GET"]}}],"collection":[{"href":"https:\/\/gatapiekabes.lv\/ru\/wp-json\/wp\/v2\/product"}],"about":[{"href":"https:\/\/gatapiekabes.lv\/ru\/wp-json\/wp\/v2\/types\/product"}],"replies":[{"embeddable":true,"href":"https:\/\/gatapiekabes.lv\/ru\/wp-json\/wp\/v2\/comments?post=678"}],"wp:featuredmedia":[{"embeddable":true,"href":"https:\/\/gatapiekabes.lv\/ru\/wp-json\/wp\/v2\/media\/677"}],"wp:attachment":[{"href":"https:\/\/gatapiekabes.lv\/ru\/wp-json\/wp\/v2\/media?parent=678"}],"wp:term":[{"taxonomy":"product_brand","embeddable":true,"href":"https:\/\/gatapiekabes.lv\/ru\/wp-json\/wp\/v2\/product_brand?post=678"},{"taxonomy":"product_cat","embeddable":true,"href":"https:\/\/gatapiekabes.lv\/ru\/wp-json\/wp\/v2\/product_cat?post=678"},{"taxonomy":"product_tag","embeddable":true,"href":"https:\/\/gatapiekabes.lv\/ru\/wp-json\/wp\/v2\/product_tag?post=678"}],"curies":[{"name":"wp","href":"https:\/\/api.w.org\/{rel}","templated":true}]}}