{"id":688,"date":"2026-04-17T16:56:41","date_gmt":"2026-04-17T13:56:41","guid":{"rendered":"https:\/\/gatapiekabes.lv\/product\/platformas-piekabe-bren-3020fb-2l-x\/"},"modified":"2026-04-23T18:24:48","modified_gmt":"2026-04-23T15:24:48","slug":"platformas-piekabe-bren-3020fb-2l-x","status":"publish","type":"product","link":"https:\/\/gatapiekabes.lv\/ru\/product\/platformas-piekabe-bren-3020fb-2l-x\/","title":{"rendered":"BREN-3020FB-2L-X"},"content":{"rendered":"<p>Brentex pavisam jaun\u0101s platformas piekabes tagad p\u0101rdo\u0161an\u0101!<\/p>","protected":false},"excerpt":{"rendered":"<p>Brentex pavisam jaun\u0101s platformas piekabes tagad p\u0101rdo\u0161an\u0101!<\/p>","protected":false},"featured_media":687,"comment_status":"open","ping_status":"closed","template":"","meta":[],"product_brand":[],"product_cat":[107],"product_tag":[],"class_list":{"0":"post-688","1":"product","2":"type-product","3":"status-publish","4":"has-post-thumbnail","6":"product_cat-platformas-piekabes","7":"pa_bremzes-bez-bremzem","8":"pa_celtspeja-431-kg","9":"pa_kastes-garums-3-0-m","10":"pa_kastes-platums-2-03-m","11":"pa_pilna-masa-750-kg","13":"first","14":"instock","15":"shipping-taxable","16":"purchasable","17":"product-type-simple"},"_links":{"self":[{"href":"https:\/\/gatapiekabes.lv\/ru\/wp-json\/wp\/v2\/product\/688","targetHints":{"allow":["GET"]}}],"collection":[{"href":"https:\/\/gatapiekabes.lv\/ru\/wp-json\/wp\/v2\/product"}],"about":[{"href":"https:\/\/gatapiekabes.lv\/ru\/wp-json\/wp\/v2\/types\/product"}],"replies":[{"embeddable":true,"href":"https:\/\/gatapiekabes.lv\/ru\/wp-json\/wp\/v2\/comments?post=688"}],"wp:featuredmedia":[{"embeddable":true,"href":"https:\/\/gatapiekabes.lv\/ru\/wp-json\/wp\/v2\/media\/687"}],"wp:attachment":[{"href":"https:\/\/gatapiekabes.lv\/ru\/wp-json\/wp\/v2\/media?parent=688"}],"wp:term":[{"taxonomy":"product_brand","embeddable":true,"href":"https:\/\/gatapiekabes.lv\/ru\/wp-json\/wp\/v2\/product_brand?post=688"},{"taxonomy":"product_cat","embeddable":true,"href":"https:\/\/gatapiekabes.lv\/ru\/wp-json\/wp\/v2\/product_cat?post=688"},{"taxonomy":"product_tag","embeddable":true,"href":"https:\/\/gatapiekabes.lv\/ru\/wp-json\/wp\/v2\/product_tag?post=688"}],"curies":[{"name":"wp","href":"https:\/\/api.w.org\/{rel}","templated":true}]}}