{"id":908,"date":"2026-04-17T17:00:09","date_gmt":"2026-04-17T14:00:09","guid":{"rendered":"https:\/\/gatapiekabes.lv\/product\/piekabe-ar-bremzem-bren-3718-2p-2000\/"},"modified":"2026-04-23T18:24:56","modified_gmt":"2026-04-23T15:24:56","slug":"piekabe-ar-bremzem-bren-3718-2p-2000","status":"publish","type":"product","link":"https:\/\/gatapiekabes.lv\/ru\/product\/piekabe-ar-bremzem-bren-3718-2p-2000\/","title":{"rendered":"BREN-3718-2P-2000 ar bremz\u0113m"},"content":{"rendered":"<p>Piekabe ar bremz\u0113m BREN-3718-2P-2000 uz piln\u012bb\u0101 cinkota, metin\u0101ta r\u0101mja ar bremz\u0113m ir izgatavota no iztur\u012bga S355 konstrukciju t\u0113rauda. Iztur\u012bga karkasa konstrukcija:S\u0101nu bortu aug\u0161\u0113j\u0101 mala ir stiprin\u0101ta ar 25&#215;25 mm kvadr\u0101tveida caurul\u0113m, kas nodro\u0161ina konstrukcijai ilgsto\u0161u iztur\u012bbu pret p\u0101rslodzi un deform\u0101ciju. R\u0101mis un j\u016bgstienis ar urbumiem: Lielisks brauk\u0161anas komforts: Kvalitat\u012bvas rumbas un riepas: Regul\u0113jams sakabes meh\u0101nisms:2000\u00a0kg sakabes meh\u0101nisms ar diviem fiks\u0113tiem augstumiem. Moderniz\u0113ta elektrosist\u0113ma un apgaismojums: Sasverama kaste un stiprin\u0101ti gala borti: Pamatnes sapl\u0101ksnis:12 mm biezs, \u016bdensiztur\u012bgs un dro\u0161s pret sl\u012bd\u0113\u0161anu Kravas nostiprin\u0101\u0161anas iesp\u0113ja un k\u0101p\u0161\u013ci:<\/p>","protected":false},"excerpt":{"rendered":"<p>Piekabe ar bremz\u0113m BREN-3718-2P-2000 uz piln\u012bb\u0101 cinkota, metin\u0101ta r\u0101mja ar bremz\u0113m ir izgatavota no iztur\u012bga S355 konstrukciju t\u0113rauda.<\/p>","protected":false},"featured_media":907,"comment_status":"open","ping_status":"closed","template":"","meta":[],"product_brand":[],"product_cat":[88],"product_tag":[],"class_list":{"0":"post-908","1":"product","2":"type-product","3":"status-publish","4":"has-post-thumbnail","6":"product_cat-auto-piekabes-ar-divam-asim","7":"pa_bremzes-ar-bremzem","8":"pa_celtspeja-1498-kg","9":"pa_kastes-garums-3-7-m","10":"pa_kastes-platums-1-8-m","11":"pa_pilna-masa-2000-kg","13":"first","14":"instock","15":"shipping-taxable","16":"purchasable","17":"product-type-simple"},"_links":{"self":[{"href":"https:\/\/gatapiekabes.lv\/ru\/wp-json\/wp\/v2\/product\/908","targetHints":{"allow":["GET"]}}],"collection":[{"href":"https:\/\/gatapiekabes.lv\/ru\/wp-json\/wp\/v2\/product"}],"about":[{"href":"https:\/\/gatapiekabes.lv\/ru\/wp-json\/wp\/v2\/types\/product"}],"replies":[{"embeddable":true,"href":"https:\/\/gatapiekabes.lv\/ru\/wp-json\/wp\/v2\/comments?post=908"}],"wp:featuredmedia":[{"embeddable":true,"href":"https:\/\/gatapiekabes.lv\/ru\/wp-json\/wp\/v2\/media\/907"}],"wp:attachment":[{"href":"https:\/\/gatapiekabes.lv\/ru\/wp-json\/wp\/v2\/media?parent=908"}],"wp:term":[{"taxonomy":"product_brand","embeddable":true,"href":"https:\/\/gatapiekabes.lv\/ru\/wp-json\/wp\/v2\/product_brand?post=908"},{"taxonomy":"product_cat","embeddable":true,"href":"https:\/\/gatapiekabes.lv\/ru\/wp-json\/wp\/v2\/product_cat?post=908"},{"taxonomy":"product_tag","embeddable":true,"href":"https:\/\/gatapiekabes.lv\/ru\/wp-json\/wp\/v2\/product_tag?post=908"}],"curies":[{"name":"wp","href":"https:\/\/api.w.org\/{rel}","templated":true}]}}